{"id":1311,"date":"2014-12-09T21:41:36","date_gmt":"2014-12-09T21:41:36","guid":{"rendered":"http:\/\/www.vaponic.com\/?page_id=1311"},"modified":"2015-09-01T21:25:56","modified_gmt":"2015-09-01T21:25:56","slug":"manual-3","status":"publish","type":"page","link":"https:\/\/www.vaponic.com\/pt-pt\/manual-3\/","title":{"rendered":"Manual"},"content":{"rendered":"<p>Conte\u00fados da caixinha:<\/p>\n<ul>\n<li>1 <strong>Vaponic <\/strong>(Img. 01)\u00a0 que consta de:\n<ul>\n<li>1 Tubo Interior feito de vidro borossilicato 3.3 de 1 mm com 1 Filtro Interior feito de a\u00e7o inoxid\u00e1vel (Img. 02)<\/li>\n<li>1 Tubo Exterior feito de vidro borossilicato 3.3 de 1 mm (Img. 03)<\/li>\n<li>1 Pe\u00e7a de uni\u00e3o feita de silicone medicinal (Img. 04)<\/li>\n<li>1 Boquilha feita de vidro AR de 1 mm (Img. 05)<\/li>\n<\/ul>\n<\/li>\n<li>1 <strong>Estojo tipo rotulador<\/strong> (Img. 06) composto por:\n<ul>\n<li>1\u00a0Rotulador Oco<\/li>\n<li>1 Tampa de Silicone Preta feita de silicone ultra-resistente a altas temperaturas. (Img. 06)<\/li>\n<\/ul>\n<\/li>\n<li>1 <strong>Ferramenta multiusos <\/strong> + anel de silicone amarelo (Img. 07)<\/li>\n<li>1 <strong>Filtro de a\u00e7o inoxid\u00e1vel<\/strong> extra para vaporizar resinas (Img. 7A) (Img. 7A)<\/li>\n<\/ul>\n<div><\/div>\n<div><img loading=\"lazy\" decoding=\"async\" class=\"alignnone size-full wp-image-244\" src=\"http:\/\/www.vaponic.com\/web\/wp-content\/uploads\/2012\/05\/Vaponic_Manual_Pic1.jpg\" alt=\"Vaponic_Manual_Pic1\" width=\"837\" height=\"583\" srcset=\"https:\/\/www.vaponic.com\/web\/wp-content\/uploads\/2012\/05\/Vaponic_Manual_Pic1.jpg 837w, https:\/\/www.vaponic.com\/web\/wp-content\/uploads\/2012\/05\/Vaponic_Manual_Pic1-300x208.jpg 300w, https:\/\/www.vaponic.com\/web\/wp-content\/uploads\/2012\/05\/Vaponic_Manual_Pic1-358x250.jpg 358w, https:\/\/www.vaponic.com\/web\/wp-content\/uploads\/2012\/05\/Vaponic_Manual_Pic1-430x300.jpg 430w\" sizes=\"auto, (max-width: 837px) 100vw, 837px\" \/><\/div>\n<p style=\"text-align: center;\"><span style=\"color: #800000;\"><strong><em>Guarde a sua ferramenta multiusos e o seu Vaponic dentro do estojo tipo rotulador. Assim, fica protegido contra batidas! Ponha o anel de silicone amarelo sobre a ferramenta para a encontrar mais facilmente quando cair ao ch\u00e3o, p.exp. Introduza primeiro o seu Vaponic no estojo tipo rotulador com a boquilha \u00e0 frente e depois a ferramenta juntamente com a tampa preta para fechar. Desta maneira, a ferramenta e o vaporizador n\u00e3o se podem prender dentro do estojo e a tampa coloca-se perfeitamente (Img. 08).<\/em><br \/>\n<\/strong><\/span><\/p>\n<h1>Usar o Vaponic<\/h1>\n<p>Abra o Vaponic (Img. 09) e encha o espa\u00e7o de carga com uma mistura de ervas ou tabaco. Pode triturar a planta mas n\u00e3o \u00e9 necess\u00e1rio. Basta apert\u00e1-la e esprem\u00ea-la entre os dedos um pouco e empurr\u00e1-la dentro do espa\u00e7o de carga. As ervas n\u00e3o devem passar os limites do espa\u00e7o de carga e sair dele nem cair para fora (Img. 10A)! Para vaporizar resinas, usa-se o filtro extra previsto para isso, seguindo os passos indicados na imagem 10B. <strong>Veja o v\u00eddeo sobre isto em www.vaponic.com!<\/strong><\/p>\n<div>\n<p><img loading=\"lazy\" decoding=\"async\" class=\"alignnone size-full wp-image-247\" src=\"http:\/\/www.vaponic.com\/web\/wp-content\/uploads\/2012\/05\/Vaponic_Manual_Pic2.jpg\" alt=\"Vaponic_Manual_Pic2\" width=\"840\" height=\"587\" srcset=\"https:\/\/www.vaponic.com\/web\/wp-content\/uploads\/2012\/05\/Vaponic_Manual_Pic2.jpg 840w, https:\/\/www.vaponic.com\/web\/wp-content\/uploads\/2012\/05\/Vaponic_Manual_Pic2-300x209.jpg 300w, https:\/\/www.vaponic.com\/web\/wp-content\/uploads\/2012\/05\/Vaponic_Manual_Pic2-357x250.jpg 357w, https:\/\/www.vaponic.com\/web\/wp-content\/uploads\/2012\/05\/Vaponic_Manual_Pic2-429x300.jpg 429w\" sizes=\"auto, (max-width: 840px) 100vw, 840px\" \/><\/p>\n<p>Aque\u00e7a o tubo exterior do seu Vaponic com um isqueiro. <strong>IMPORTANTE<\/strong>: Como est\u00e1 indicado na imagem (Img. 11), aque\u00e7a-o <strong>s\u00f3<\/strong> entre a linha vermelha com o log\u00f3tipo e o extremo fechado do tubo exterior. <strong>N\u00e3o<\/strong> o aque\u00e7a no mesmo extremo (porque pode queimar a planta, Img. 12) nem mais perto da linha vermelha (porque pode queimar os dedos e o vaporizador n\u00e3o funcionar\u00e1, Img. 13). Rode a pipa enquanto a estiver a aquecer para repartir o calor de maneira homog\u00e9nea em todos os lados.<\/p>\n<p>Pode usar qualquer chama ou acendedor, por\u00e9m, os acendedores tipo ma\u00e7arico (os chamados turbo ou jetflame) s\u00e3o altamente recomendados, sobretudo quando a pipa se usa no exterior (Img. 14). Usando um isqueiro normal, para evitar fuligem no vidro, \u00e9 preciso aquecer o tubo exterior com a parte azul da chama e n\u00e3o com ou por cima da parte amarela da chama (Img. 15).<\/p>\n<p><img loading=\"lazy\" decoding=\"async\" class=\"alignnone size-full wp-image-248\" src=\"http:\/\/www.vaponic.com\/web\/wp-content\/uploads\/2012\/05\/Vaponic_Manual_Pic3.jpg\" alt=\"Vaponic_Manual_Pic3\" width=\"840\" height=\"586\" srcset=\"https:\/\/www.vaponic.com\/web\/wp-content\/uploads\/2012\/05\/Vaponic_Manual_Pic3.jpg 840w, https:\/\/www.vaponic.com\/web\/wp-content\/uploads\/2012\/05\/Vaponic_Manual_Pic3-300x209.jpg 300w, https:\/\/www.vaponic.com\/web\/wp-content\/uploads\/2012\/05\/Vaponic_Manual_Pic3-358x250.jpg 358w, https:\/\/www.vaponic.com\/web\/wp-content\/uploads\/2012\/05\/Vaponic_Manual_Pic3-430x300.jpg 430w\" sizes=\"auto, (max-width: 840px) 100vw, 840px\" \/><\/p>\n<\/div>\n<p><strong>Pode controlar a temperatura visualmente observando a cor da planta dentro do espa\u00e7o para a carga. Quando come\u00e7a a ficar acastanhada devido ao calor depois de aprox. 10 seg. \u2013 dependendo da temperatura ambiente e da for\u00e7a e do calor da chama \u2013 , saber\u00e1 que \u00e9 o momento certo para vaporizar (Img. 12 \u2013 15)!<\/strong>\u00a0\u00a0Quando n\u00e3o h\u00e1 luz ou quando se usa o filtro extra para as resinas, este controlo visual n\u00e3o \u00e9 fact\u00edvel e h\u00e1 que controlar o mesmo vapor a cada 10 segundos durante o aquecimento. Inale profundamente atrav\u00e9s da boquilha durante v\u00e1rios segundos. N\u00e3o tape os dois orif\u00edcios na pe\u00e7a de uni\u00e3o com os dedos porque assim o vaporizador n\u00e3o pode funcionar (Img. 16A).<\/p>\n<div>\n<p><strong>Consegue ver vapor a expirar? Ent\u00e3o, o Vaponic tem a temperatura adequada para vaporizar. Deixe de aquecer e continue a aproveitar o calor acumulado no dispositivo para mais algumas aspira\u00e7\u00f5es (Img. 16).<\/strong><\/p>\n<p><strong>(J\u00e1) n\u00e3o consegue ver vapor a expirar? Ent\u00e3o, o Vaponic ainda (ou j\u00e1) n\u00e3o tem a temperatura suficiente para vaporizar. Aque\u00e7a-o um pouco mais e tente de novo.<\/strong><\/p>\n<p><strong>Consegue ver vapor muito denso a expirar? Ent\u00e3o, a temperatura aumentou quase at\u00e9 ao ponto de combust\u00e3o. N\u00e3o o aque\u00e7a mais \u2013 a n\u00e3o ser que goste do vapor muito denso.<\/strong><\/p>\n<p><strong>Resumindo: Voc\u00ea \u00e9 o term\u00f3metro, sabe a temperatura observando a cor das ervas e a densidade e o sabor do vapor. Lembre-se: Depois de dar as primeiras aspira\u00e7\u00f5es, aque\u00e7a de novo para dar mais algumas e depois talvez mais uma vez: At\u00e9 15 aspira\u00e7\u00f5es com uma s\u00f3 carga!<\/strong><\/p>\n<\/div>\n<div>Quando o dispositivo sobreaquece, a planta aparecer\u00e1 preta e carbonizada (Img. 17) \u2013 mas n\u00e3o fica em cinzas \u2013 e o sabor do vapor ser\u00e1 duro, amargo e desagrad\u00e1vel. Se o aquecer pouco, a planta simplesmente n\u00e3o mudar\u00e1 de cor, mas pode saborear o excelente sabor dos seus \u00f3leos essenciais. Vale a pena experiment\u00e1-lo. Como as ervas est\u00e3o consumidas correta e completamente, o vapor adquire um sabor ligeiramente amargo. Ao tir\u00e1-las do espa\u00e7o para a carga aparecer\u00e3o torradas, desidratadas e com um aspeto castanho \/ castanho escuro (Img. 18).<\/div>\n<p><a href=\"http:\/\/www.vaponic.com\/web\/wp-content\/uploads\/2012\/05\/p11_CEN_V4.jpg\"><img loading=\"lazy\" decoding=\"async\" class=\"alignnone size-full wp-image-270\" src=\"http:\/\/www.vaponic.com\/web\/wp-content\/uploads\/2012\/05\/p11_CEN_V4.jpg\" alt=\"p11_CEN_V4\" width=\"560\" height=\"394\" srcset=\"https:\/\/www.vaponic.com\/web\/wp-content\/uploads\/2012\/05\/p11_CEN_V4.jpg 560w, https:\/\/www.vaponic.com\/web\/wp-content\/uploads\/2012\/05\/p11_CEN_V4-300x211.jpg 300w, https:\/\/www.vaponic.com\/web\/wp-content\/uploads\/2012\/05\/p11_CEN_V4-355x250.jpg 355w, https:\/\/www.vaponic.com\/web\/wp-content\/uploads\/2012\/05\/p11_CEN_V4-426x300.jpg 426w\" sizes=\"auto, (max-width: 560px) 100vw, 560px\" \/><\/a><\/p>\n<div>\n<p><strong>N\u00e3o se queime com o extremo quente (Img. 19)!<\/strong>\u00a0\u00a0Poder\u00e1 sempre tocar no vidro com total tranquilidade entre a linha vermelha com o log\u00f3tipo e a boquilha mas nunca abaixo da linha vermelha. Pode proteger o extremo quente com a tampa preta do estojo. \u00c9 feito de borracha de silicone extra resistente a altas temperaturas e desenhado especialmente para este uso (Img. 20). Tamb\u00e9m pode usar a tampa quando quer p\u00f4r o Vaponic em algum lado por um momento. Proteger\u00e1 a superf\u00edcie (da mesa p.e.) do calor e evitar\u00e1 que o Vaponic d\u00ea voltas e caia ao ch\u00e3o (Img. 21).<\/p>\n<p>O seu Vaponic \u00e9 feito de vidro Borossilicato 3.3. e n\u00e3o sofre danos pelo contacto direto com uma chama.\u00a0\u00a0<strong>Por\u00e9m, tem que o deixar arrefecer apenas e n\u00e3o deve usar \u00e1gua fria ou algo parecido para acelerar o arrefecimento. Isso danificaria o vidro.<\/strong>\u00a0Recomendamos tirar o tabaco do espa\u00e7o para a carga depois do uso ey voltar a p\u00f4r o Vaponic no estojo. Ali, pode-se arrefecer e fica bem protegido (Img. 08).<\/p>\n<\/div>\n<p><strong>A ferramenta multiusos<\/strong><\/p>\n<p><span class=\"embed-youtube\" style=\"text-align:center; display: block;\"><iframe loading=\"lazy\" class=\"youtube-player\" width=\"640\" height=\"360\" src=\"https:\/\/www.youtube.com\/embed\/aBv6U7vyjcc?version=3&#038;rel=1&#038;showsearch=0&#038;showinfo=1&#038;iv_load_policy=1&#038;fs=1&#038;hl=pt-PT&#038;autohide=2&#038;wmode=transparent\" allowfullscreen=\"true\" style=\"border:0;\" sandbox=\"allow-scripts allow-same-origin allow-popups allow-presentation allow-popups-to-escape-sandbox\"><\/iframe><\/span><\/p>\n<p>A ferramenta multiusos (Img. 07) inclu\u00edda no kit torna o uso e a manuten\u00e7\u00e3o do <strong>Vaponic<\/strong> ainda mais f\u00e1cil. Como cabe dentro do estojo juntamente com a pipa, pode sempre lev\u00e1-la por cima. A ferramenta pode-se usar para:<\/p>\n<p style=\"text-align: center;\"><img loading=\"lazy\" decoding=\"async\" class=\" wp-image-62 aligncenter\" title=\"manual_05\" src=\"http:\/\/www.vaponic.com\/web\/wp-content\/uploads\/2012\/05\/manual_05.jpg\" alt=\"\" width=\"570\" height=\"399\" srcset=\"https:\/\/www.vaponic.com\/web\/wp-content\/uploads\/2012\/05\/manual_05.jpg 570w, https:\/\/www.vaponic.com\/web\/wp-content\/uploads\/2012\/05\/manual_05-300x210.jpg 300w, https:\/\/www.vaponic.com\/web\/wp-content\/uploads\/2012\/05\/manual_05-357x250.jpg 357w, https:\/\/www.vaponic.com\/web\/wp-content\/uploads\/2012\/05\/manual_05-428x300.jpg 428w\" sizes=\"auto, (max-width: 570px) 100vw, 570px\" \/><\/p>\n<ul>\n<ul>\n<ul>\n<li>tirar as ervas vaporizadas do espa\u00e7o para a carga (Img. 22)<\/li>\n<li>empurrar o filtro de a\u00e7o fora do tubo interior. Antes de empurrar o filtro, \u00e9 necess\u00e1rio aquecer brevemente o tubo interior \u00e0 volta do filtro para liquidificar a resina acumulada (Img. 23 + 24).<\/li>\n<li>limpar o tubo interior empurrando um peda\u00e7o de pano empapado em \u00e1lcool at\u00e9 ao final do tubo e tirando-o de novo com o extremo dobrado da ferramenta (Img. 25 + 26)<\/li>\n<li>colocar de novo o filtro de a\u00e7o no tubo interior e medir a profundidade m\u00e1xima at\u00e9 onde se deve empurrar o filtro para ervas (Img. 27). Para resinas, empurra-se mais para dentro (Img. 10B)<\/li>\n<li>fixar o filtro de a\u00e7o se for preciso queim\u00e1-lo por raz\u00f5es de limpeza (Img. 31)<\/li>\n<li>ajustar a for\u00e7a da chama do isqueiro (Img. 28)<\/li>\n<\/ul>\n<\/ul>\n<\/ul>\n<h1><strong>Localiza\u00e7\u00e3o de Problemas e Limpeza<\/strong><\/h1>\n<p><a href=\"http:\/\/www.vaponic.com\/web\/wp-content\/uploads\/2012\/05\/p13_CEN_V4.jpg\"><img loading=\"lazy\" decoding=\"async\" class=\"alignnone size-full wp-image-271\" src=\"http:\/\/www.vaponic.com\/web\/wp-content\/uploads\/2012\/05\/p13_CEN_V4.jpg\" alt=\"p13_CEN_V4\" width=\"560\" height=\"392\" srcset=\"https:\/\/www.vaponic.com\/web\/wp-content\/uploads\/2012\/05\/p13_CEN_V4.jpg 560w, https:\/\/www.vaponic.com\/web\/wp-content\/uploads\/2012\/05\/p13_CEN_V4-300x210.jpg 300w, https:\/\/www.vaponic.com\/web\/wp-content\/uploads\/2012\/05\/p13_CEN_V4-357x250.jpg 357w, https:\/\/www.vaponic.com\/web\/wp-content\/uploads\/2012\/05\/p13_CEN_V4-428x300.jpg 428w\" sizes=\"auto, (max-width: 560px) 100vw, 560px\" \/><\/a><\/p>\n<p>A \u00fanica raz\u00e3o para que um Vaponic funcione mal \u00e9 o bloqueio da corrente de ar ou porque a Pe\u00e7a de Uni\u00e3o de Silicone cinzenta coloca-se ao contr\u00e1rio (Img. 29 + 30) ou porque se tapam os orif\u00edcios da pe\u00e7a de uni\u00e3o com os dedos (Img. 16A) ou porque a carga se prensou demasiado ou porque o filtro entupiu. Pode comprov\u00e1-lo facilmente soprando pelo tubo interior. A &#8220;sujidade&#8221; t\u00edpica causada pela vaporiza\u00e7\u00e3o \u00e9 uma camada de resina amarelada. Na verdade, a resina s\u00f3 cont\u00e9m as subst\u00e2ncias da planta e, por isso, n\u00e3o pode ser considerada sujidade realmente, mas pode entupir os filtros. Quando o filtro entope, a corrente de ar j\u00e1 n\u00e3o pode passar e \u00e9 imposs\u00edvel vaporizar. Dito isto, os restos de resina que ficam pegados ao filtro costumam ser vaporizados quando o Vaponic aquece e usa-se de novo. De algum modo, limpa-se sozinho. Se precisar mesmo de limpar o seu filtro, deve faz\u00ea-lo ou com \u00e1lcool et\u00edlico ou queimando-o com uma chama. Este \u00faltimo tirar\u00e1 inclusive a sujidade mais dif\u00edcil (Img. 31) e tamb\u00e9m se pode fazer para eliminar de maneira eficaz inclusive a sujidade mais resistente (\u2018sombras escuras\u2019) dentro do espa\u00e7o para a carga (Img. 32) e\/ou o extremo do tubo exterior (Img. 33). <strong>Tem que deixar o vidro arrefecer sozinho!<\/strong> N\u00c3O queimar a boquilha (Img. 34)! Para a limpeza das pe\u00e7as soltas, o melhor \u00e9 usar um pano e \u00e1lcool et\u00edlico ou acetona pura. Pode-se limpar o tubo interior como indicado na Img. 25 e 26.<\/p>\n<h1>Garantia<\/h1>\n<div>\n<p>Usando conforme as indica\u00e7\u00f5es, o Vaponic tem dois anos de garantia sobre as pe\u00e7as de vidro, as pe\u00e7as de silicone e o estojo tipo rotulador.\u00a0 Danos por falha pr\u00f3pria n\u00e3o est\u00e3o cobertos. Repare que a cor do impresso vermelho sobre o tubo exterior \u00e9 resistente ao calor (evite o contacto direto com a chama), ao \u00e1lcool e \u00e0 lavagem na m\u00e1quina de lavar loi\u00e7a, entre outros. Por\u00e9m, existem alguns produtos cosm\u00e9ticos (p.exp. alguns cremes para as m\u00e3os) que podem acabar por danificar as cores. Este tipo de danos na pintura n\u00e3o s\u00e3o cobertos pela garantia.<\/p>\n<p>O filtro n\u00e3o se rasga pelo uso correto. A contamina\u00e7\u00e3o dos filtros \u00e9 influenciada pela mistura de ervas ou tabaco que tiver escolhido, sendo responsabilidade sua. Se quiser troc\u00e1-lo, pode obter os nossos filtros de a\u00e7o tal como todas as outras pe\u00e7as sobresselentes na sua loja local ou em www.vaponic.com. Estamos orgulhosos do nosso atendimento ao cliente. N\u00e3o hesite em \u00a0contactar-nos diretamente usando o nosso <a title=\"Contacto\" href=\"https:\/\/www.vaponic.com\/pt-pt\/contacto\/\">formulario de contacto<\/a>\u00a0ou enviando uma mensagem para\u00a0<a title=\"info@vaponic.com\" href=\"mailto:info@vaponic.com\">info@vaponic.com<\/a>.<\/p>\n<\/div>\n<p>A equipa <strong>Vaponic<\/strong> ajud\u00e1-lo-\u00e1.<\/p>\n","protected":false},"excerpt":{"rendered":"<p>Conte\u00fados da caixinha: 1 Vaponic (Img. 01)\u00a0 que consta de: 1 Tubo Interior feito de vidro borossilicato 3.3 de 1 mm com 1 Filtro Interior feito de a\u00e7o inoxid\u00e1vel (Img. 02) 1 Tubo Exterior feito de vidro borossilicato 3.3 de 1 mm (Img. 03) 1 Pe\u00e7a de uni\u00e3o feita de silicone medicinal (Img. 04) 1 [&hellip;]<\/p>\n","protected":false},"author":1,"featured_media":0,"parent":0,"menu_order":0,"comment_status":"closed","ping_status":"open","template":"","meta":{"jetpack_post_was_ever_published":false,"footnotes":""},"categories":[],"tags":[],"class_list":["post-1311","page","type-page","status-publish","hentry"],"yoast_head":"<!-- This site is optimized with the Yoast SEO plugin v27.0 - https:\/\/yoast.com\/product\/yoast-seo-wordpress\/ -->\n<title>Manual - VAPONIC<\/title>\n<meta name=\"robots\" content=\"index, follow, max-snippet:-1, max-image-preview:large, max-video-preview:-1\" \/>\n<link rel=\"canonical\" href=\"https:\/\/www.vaponic.com\/pt-pt\/manual-3\/\" \/>\n<meta property=\"og:locale\" content=\"pt_PT\" \/>\n<meta property=\"og:type\" content=\"article\" \/>\n<meta property=\"og:title\" content=\"Manual - VAPONIC\" \/>\n<meta property=\"og:description\" content=\"Conte\u00fados da caixinha: 1 Vaponic (Img. 01)\u00a0 que consta de: 1 Tubo Interior feito de vidro borossilicato 3.3 de 1 mm com 1 Filtro Interior feito de a\u00e7o inoxid\u00e1vel (Img. 02) 1 Tubo Exterior feito de vidro borossilicato 3.3 de 1 mm (Img. 03) 1 Pe\u00e7a de uni\u00e3o feita de silicone medicinal (Img. 04) 1 [&hellip;]\" \/>\n<meta property=\"og:url\" content=\"https:\/\/www.vaponic.com\/pt-pt\/manual-3\/\" \/>\n<meta property=\"og:site_name\" content=\"VAPONIC\" \/>\n<meta property=\"article:publisher\" content=\"http:\/\/www.facebook.com\/vaponic\" \/>\n<meta property=\"article:modified_time\" content=\"2015-09-01T21:25:56+00:00\" \/>\n<meta property=\"og:image\" content=\"http:\/\/www.vaponic.com\/web\/wp-content\/uploads\/2012\/05\/Vaponic_Manual_Pic1.jpg\" \/>\n<meta name=\"twitter:card\" content=\"summary_large_image\" \/>\n<meta name=\"twitter:site\" content=\"@Vaponic\" \/>\n<meta name=\"twitter:label1\" content=\"Tempo estimado de leitura\" \/>\n\t<meta name=\"twitter:data1\" content=\"8 minutos\" \/>\n<script type=\"application\/ld+json\" class=\"yoast-schema-graph\">{\"@context\":\"https:\/\/schema.org\",\"@graph\":[{\"@type\":\"WebPage\",\"@id\":\"https:\/\/www.vaponic.com\/pt-pt\/manual-3\/\",\"url\":\"https:\/\/www.vaponic.com\/pt-pt\/manual-3\/\",\"name\":\"Manual - VAPONIC\",\"isPartOf\":{\"@id\":\"https:\/\/www.vaponic.com\/pt-pt\/#website\"},\"primaryImageOfPage\":{\"@id\":\"https:\/\/www.vaponic.com\/pt-pt\/manual-3\/#primaryimage\"},\"image\":{\"@id\":\"https:\/\/www.vaponic.com\/pt-pt\/manual-3\/#primaryimage\"},\"thumbnailUrl\":\"http:\/\/www.vaponic.com\/web\/wp-content\/uploads\/2012\/05\/Vaponic_Manual_Pic1.jpg\",\"datePublished\":\"2014-12-09T21:41:36+00:00\",\"dateModified\":\"2015-09-01T21:25:56+00:00\",\"breadcrumb\":{\"@id\":\"https:\/\/www.vaponic.com\/pt-pt\/manual-3\/#breadcrumb\"},\"inLanguage\":\"pt-PT\",\"potentialAction\":[{\"@type\":\"ReadAction\",\"target\":[\"https:\/\/www.vaponic.com\/pt-pt\/manual-3\/\"]}]},{\"@type\":\"ImageObject\",\"inLanguage\":\"pt-PT\",\"@id\":\"https:\/\/www.vaponic.com\/pt-pt\/manual-3\/#primaryimage\",\"url\":\"http:\/\/www.vaponic.com\/web\/wp-content\/uploads\/2012\/05\/Vaponic_Manual_Pic1.jpg\",\"contentUrl\":\"http:\/\/www.vaponic.com\/web\/wp-content\/uploads\/2012\/05\/Vaponic_Manual_Pic1.jpg\"},{\"@type\":\"BreadcrumbList\",\"@id\":\"https:\/\/www.vaponic.com\/pt-pt\/manual-3\/#breadcrumb\",\"itemListElement\":[{\"@type\":\"ListItem\",\"position\":1,\"name\":\"Home\",\"item\":\"https:\/\/www.vaponic.com\/pt-pt\/\"},{\"@type\":\"ListItem\",\"position\":2,\"name\":\"Manual\"}]},{\"@type\":\"WebSite\",\"@id\":\"https:\/\/www.vaponic.com\/pt-pt\/#website\",\"url\":\"https:\/\/www.vaponic.com\/pt-pt\/\",\"name\":\"VAPONIC\",\"description\":\"VAPONIC, YOUR TONIC\",\"potentialAction\":[{\"@type\":\"SearchAction\",\"target\":{\"@type\":\"EntryPoint\",\"urlTemplate\":\"https:\/\/www.vaponic.com\/pt-pt\/?s={search_term_string}\"},\"query-input\":{\"@type\":\"PropertyValueSpecification\",\"valueRequired\":true,\"valueName\":\"search_term_string\"}}],\"inLanguage\":\"pt-PT\"}]}<\/script>\n<!-- \/ Yoast SEO plugin. -->","yoast_head_json":{"title":"Manual - VAPONIC","robots":{"index":"index","follow":"follow","max-snippet":"max-snippet:-1","max-image-preview":"max-image-preview:large","max-video-preview":"max-video-preview:-1"},"canonical":"https:\/\/www.vaponic.com\/pt-pt\/manual-3\/","og_locale":"pt_PT","og_type":"article","og_title":"Manual - VAPONIC","og_description":"Conte\u00fados da caixinha: 1 Vaponic (Img. 01)\u00a0 que consta de: 1 Tubo Interior feito de vidro borossilicato 3.3 de 1 mm com 1 Filtro Interior feito de a\u00e7o inoxid\u00e1vel (Img. 02) 1 Tubo Exterior feito de vidro borossilicato 3.3 de 1 mm (Img. 03) 1 Pe\u00e7a de uni\u00e3o feita de silicone medicinal (Img. 04) 1 [&hellip;]","og_url":"https:\/\/www.vaponic.com\/pt-pt\/manual-3\/","og_site_name":"VAPONIC","article_publisher":"http:\/\/www.facebook.com\/vaponic","article_modified_time":"2015-09-01T21:25:56+00:00","og_image":[{"url":"http:\/\/www.vaponic.com\/web\/wp-content\/uploads\/2012\/05\/Vaponic_Manual_Pic1.jpg","type":"","width":"","height":""}],"twitter_card":"summary_large_image","twitter_site":"@Vaponic","twitter_misc":{"Tempo estimado de leitura":"8 minutos"},"schema":{"@context":"https:\/\/schema.org","@graph":[{"@type":"WebPage","@id":"https:\/\/www.vaponic.com\/pt-pt\/manual-3\/","url":"https:\/\/www.vaponic.com\/pt-pt\/manual-3\/","name":"Manual - VAPONIC","isPartOf":{"@id":"https:\/\/www.vaponic.com\/pt-pt\/#website"},"primaryImageOfPage":{"@id":"https:\/\/www.vaponic.com\/pt-pt\/manual-3\/#primaryimage"},"image":{"@id":"https:\/\/www.vaponic.com\/pt-pt\/manual-3\/#primaryimage"},"thumbnailUrl":"http:\/\/www.vaponic.com\/web\/wp-content\/uploads\/2012\/05\/Vaponic_Manual_Pic1.jpg","datePublished":"2014-12-09T21:41:36+00:00","dateModified":"2015-09-01T21:25:56+00:00","breadcrumb":{"@id":"https:\/\/www.vaponic.com\/pt-pt\/manual-3\/#breadcrumb"},"inLanguage":"pt-PT","potentialAction":[{"@type":"ReadAction","target":["https:\/\/www.vaponic.com\/pt-pt\/manual-3\/"]}]},{"@type":"ImageObject","inLanguage":"pt-PT","@id":"https:\/\/www.vaponic.com\/pt-pt\/manual-3\/#primaryimage","url":"http:\/\/www.vaponic.com\/web\/wp-content\/uploads\/2012\/05\/Vaponic_Manual_Pic1.jpg","contentUrl":"http:\/\/www.vaponic.com\/web\/wp-content\/uploads\/2012\/05\/Vaponic_Manual_Pic1.jpg"},{"@type":"BreadcrumbList","@id":"https:\/\/www.vaponic.com\/pt-pt\/manual-3\/#breadcrumb","itemListElement":[{"@type":"ListItem","position":1,"name":"Home","item":"https:\/\/www.vaponic.com\/pt-pt\/"},{"@type":"ListItem","position":2,"name":"Manual"}]},{"@type":"WebSite","@id":"https:\/\/www.vaponic.com\/pt-pt\/#website","url":"https:\/\/www.vaponic.com\/pt-pt\/","name":"VAPONIC","description":"VAPONIC, YOUR TONIC","potentialAction":[{"@type":"SearchAction","target":{"@type":"EntryPoint","urlTemplate":"https:\/\/www.vaponic.com\/pt-pt\/?s={search_term_string}"},"query-input":{"@type":"PropertyValueSpecification","valueRequired":true,"valueName":"search_term_string"}}],"inLanguage":"pt-PT"}]}},"jetpack_sharing_enabled":true,"jetpack_shortlink":"https:\/\/wp.me\/P6UrFi-l9","_links":{"self":[{"href":"https:\/\/www.vaponic.com\/pt-pt\/wp-json\/wp\/v2\/pages\/1311","targetHints":{"allow":["GET"]}}],"collection":[{"href":"https:\/\/www.vaponic.com\/pt-pt\/wp-json\/wp\/v2\/pages"}],"about":[{"href":"https:\/\/www.vaponic.com\/pt-pt\/wp-json\/wp\/v2\/types\/page"}],"author":[{"embeddable":true,"href":"https:\/\/www.vaponic.com\/pt-pt\/wp-json\/wp\/v2\/users\/1"}],"replies":[{"embeddable":true,"href":"https:\/\/www.vaponic.com\/pt-pt\/wp-json\/wp\/v2\/comments?post=1311"}],"version-history":[{"count":0,"href":"https:\/\/www.vaponic.com\/pt-pt\/wp-json\/wp\/v2\/pages\/1311\/revisions"}],"wp:attachment":[{"href":"https:\/\/www.vaponic.com\/pt-pt\/wp-json\/wp\/v2\/media?parent=1311"}],"wp:term":[{"taxonomy":"category","embeddable":true,"href":"https:\/\/www.vaponic.com\/pt-pt\/wp-json\/wp\/v2\/categories?post=1311"},{"taxonomy":"post_tag","embeddable":true,"href":"https:\/\/www.vaponic.com\/pt-pt\/wp-json\/wp\/v2\/tags?post=1311"}],"curies":[{"name":"wp","href":"https:\/\/api.w.org\/{rel}","templated":true}]}}