{"id":312,"date":"2012-08-27T15:27:23","date_gmt":"2012-08-27T15:27:23","guid":{"rendered":"http:\/\/www.vaponic.com\/video-2\/"},"modified":"2017-03-08T10:53:57","modified_gmt":"2017-03-08T10:53:57","slug":"video-2","status":"publish","type":"page","link":"https:\/\/www.vaponic.com\/es\/video-2\/","title":{"rendered":"Video"},"content":{"rendered":"<h2>Video 1\/3: Vaponic &#8211; \u00a1As\u00ed se hace!<\/h2>\n<p><span class=\"embed-youtube\" style=\"text-align:center; display: block;\"><iframe loading=\"lazy\" class=\"youtube-player\" width=\"640\" height=\"360\" src=\"https:\/\/www.youtube.com\/embed\/uzzCZVGh-vs?version=3&#038;rel=1&#038;showsearch=0&#038;showinfo=1&#038;iv_load_policy=1&#038;fs=1&#038;hl=es-ES&#038;autohide=2&#038;wmode=transparent\" allowfullscreen=\"true\" style=\"border:0;\" sandbox=\"allow-scripts allow-same-origin allow-popups allow-presentation allow-popups-to-escape-sandbox\"><\/iframe><\/span><\/p>\n<p><span class=\"embed-youtube\" style=\"text-align:center; display: block;\"><iframe loading=\"lazy\" class=\"youtube-player\" width=\"640\" height=\"360\" src=\"https:\/\/www.youtube.com\/embed\/RRLdocwKnGQ?version=3&#038;rel=1&#038;showsearch=0&#038;showinfo=1&#038;iv_load_policy=1&#038;fs=1&#038;hl=es-ES&#038;autohide=2&#038;wmode=transparent\" allowfullscreen=\"true\" style=\"border:0;\" sandbox=\"allow-scripts allow-same-origin allow-popups allow-presentation allow-popups-to-escape-sandbox\"><\/iframe><\/span><\/p>\n<h2>Video 2\/3: Vaponic &#8211; Herramienta multiuso (desmontar &#8211; limpiar &#8211; montar)<\/h2>\n<p><span class=\"embed-youtube\" style=\"text-align:center; display: block;\"><iframe loading=\"lazy\" class=\"youtube-player\" width=\"640\" height=\"360\" src=\"https:\/\/www.youtube.com\/embed\/OnzhNfGjc-M?version=3&#038;rel=1&#038;showsearch=0&#038;showinfo=1&#038;iv_load_policy=1&#038;fs=1&#038;hl=es-ES&#038;autohide=2&#038;wmode=transparent\" allowfullscreen=\"true\" style=\"border:0;\" sandbox=\"allow-scripts allow-same-origin allow-popups allow-presentation allow-popups-to-escape-sandbox\"><\/iframe><\/span><\/p>\n<p><span class=\"embed-youtube\" style=\"text-align:center; display: block;\"><iframe loading=\"lazy\" class=\"youtube-player\" width=\"640\" height=\"360\" src=\"https:\/\/www.youtube.com\/embed\/aBv6U7vyjcc?version=3&#038;rel=1&#038;showsearch=0&#038;showinfo=1&#038;iv_load_policy=1&#038;fs=1&#038;hl=es-ES&#038;autohide=2&#038;wmode=transparent\" allowfullscreen=\"true\" style=\"border:0;\" sandbox=\"allow-scripts allow-same-origin allow-popups allow-presentation allow-popups-to-escape-sandbox\"><\/iframe><\/span><\/p>\n<h2>Video 3\/3: Vaponic &#8211; C\u00f3mo usar el filtro para vaporizar resinas y aceites<\/h2>\n<p><span class=\"embed-youtube\" style=\"text-align:center; display: block;\"><iframe loading=\"lazy\" class=\"youtube-player\" width=\"640\" height=\"360\" src=\"https:\/\/www.youtube.com\/embed\/4jVdgNzi3kg?version=3&#038;rel=1&#038;showsearch=0&#038;showinfo=1&#038;iv_load_policy=1&#038;fs=1&#038;hl=es-ES&#038;autohide=2&#038;wmode=transparent\" allowfullscreen=\"true\" style=\"border:0;\" sandbox=\"allow-scripts allow-same-origin allow-popups allow-presentation allow-popups-to-escape-sandbox\"><\/iframe><\/span><\/p>\n","protected":false},"excerpt":{"rendered":"<p>Video 1\/3: Vaponic &#8211; \u00a1As\u00ed se hace! Video 2\/3: Vaponic &#8211; Herramienta multiuso (desmontar &#8211; limpiar &#8211; montar) Video 3\/3: Vaponic &#8211; C\u00f3mo usar el filtro para vaporizar resinas y aceites<\/p>\n","protected":false},"author":1,"featured_media":0,"parent":0,"menu_order":0,"comment_status":"closed","ping_status":"open","template":"","meta":{"jetpack_post_was_ever_published":false,"footnotes":""},"categories":[],"tags":[],"class_list":["post-312","page","type-page","status-publish","hentry"],"yoast_head":"<!-- This site is optimized with the Yoast SEO plugin v27.0 - https:\/\/yoast.com\/product\/yoast-seo-wordpress\/ -->\n<title>V\u00eddeos Vaponic | VAPONIC<\/title>\n<meta name=\"description\" content=\"Te presentamos una serie v\u00eddeos d\u00f3nde te podr\u00e1s ver de una forma clara y sencilla c\u00f3mo usar, montar, desmontar y limpiar tu Vaponic.\" \/>\n<meta name=\"robots\" content=\"index, follow, max-snippet:-1, max-image-preview:large, max-video-preview:-1\" \/>\n<link rel=\"canonical\" href=\"https:\/\/www.vaponic.com\/es\/video-2\/\" \/>\n<meta property=\"og:locale\" content=\"es_ES\" \/>\n<meta property=\"og:type\" content=\"article\" \/>\n<meta property=\"og:title\" content=\"V\u00eddeos Vaponic | VAPONIC\" \/>\n<meta property=\"og:description\" content=\"Te presentamos una serie v\u00eddeos d\u00f3nde te podr\u00e1s ver de una forma clara y sencilla c\u00f3mo usar, montar, desmontar y limpiar tu Vaponic.\" \/>\n<meta property=\"og:url\" content=\"https:\/\/www.vaponic.com\/es\/video-2\/\" \/>\n<meta property=\"og:site_name\" content=\"VAPONIC\" \/>\n<meta property=\"article:publisher\" content=\"http:\/\/www.facebook.com\/vaponic\" \/>\n<meta property=\"article:modified_time\" content=\"2017-03-08T10:53:57+00:00\" \/>\n<meta property=\"og:image\" content=\"http:\/\/www.vaponic.com\/web\/wp-content\/themes\/vaponic\/images\/vaponic_logo2.png\" \/>\n<meta name=\"twitter:card\" content=\"summary_large_image\" \/>\n<meta name=\"twitter:site\" content=\"@Vaponic\" \/>\n<script type=\"application\/ld+json\" class=\"yoast-schema-graph\">{\"@context\":\"https:\/\/schema.org\",\"@graph\":[{\"@type\":\"WebPage\",\"@id\":\"https:\/\/www.vaponic.com\/es\/video-2\/\",\"url\":\"https:\/\/www.vaponic.com\/es\/video-2\/\",\"name\":\"V\u00eddeos Vaponic | VAPONIC\",\"isPartOf\":{\"@id\":\"https:\/\/www.vaponic.com\/es\/#website\"},\"datePublished\":\"2012-08-27T15:27:23+00:00\",\"dateModified\":\"2017-03-08T10:53:57+00:00\",\"description\":\"Te presentamos una serie v\u00eddeos d\u00f3nde te podr\u00e1s ver de una forma clara y sencilla c\u00f3mo usar, montar, desmontar y limpiar tu Vaponic.\",\"breadcrumb\":{\"@id\":\"https:\/\/www.vaponic.com\/es\/video-2\/#breadcrumb\"},\"inLanguage\":\"es\",\"potentialAction\":[{\"@type\":\"ReadAction\",\"target\":[\"https:\/\/www.vaponic.com\/es\/video-2\/\"]}]},{\"@type\":\"BreadcrumbList\",\"@id\":\"https:\/\/www.vaponic.com\/es\/video-2\/#breadcrumb\",\"itemListElement\":[{\"@type\":\"ListItem\",\"position\":1,\"name\":\"Home\",\"item\":\"https:\/\/www.vaponic.com\/es\/\"},{\"@type\":\"ListItem\",\"position\":2,\"name\":\"Video\"}]},{\"@type\":\"WebSite\",\"@id\":\"https:\/\/www.vaponic.com\/es\/#website\",\"url\":\"https:\/\/www.vaponic.com\/es\/\",\"name\":\"VAPONIC\",\"description\":\"VAPONIC, YOUR TONIC\",\"potentialAction\":[{\"@type\":\"SearchAction\",\"target\":{\"@type\":\"EntryPoint\",\"urlTemplate\":\"https:\/\/www.vaponic.com\/es\/?s={search_term_string}\"},\"query-input\":{\"@type\":\"PropertyValueSpecification\",\"valueRequired\":true,\"valueName\":\"search_term_string\"}}],\"inLanguage\":\"es\"}]}<\/script>\n<!-- \/ Yoast SEO plugin. -->","yoast_head_json":{"title":"V\u00eddeos Vaponic | VAPONIC","description":"Te presentamos una serie v\u00eddeos d\u00f3nde te podr\u00e1s ver de una forma clara y sencilla c\u00f3mo usar, montar, desmontar y limpiar tu Vaponic.","robots":{"index":"index","follow":"follow","max-snippet":"max-snippet:-1","max-image-preview":"max-image-preview:large","max-video-preview":"max-video-preview:-1"},"canonical":"https:\/\/www.vaponic.com\/es\/video-2\/","og_locale":"es_ES","og_type":"article","og_title":"V\u00eddeos Vaponic | VAPONIC","og_description":"Te presentamos una serie v\u00eddeos d\u00f3nde te podr\u00e1s ver de una forma clara y sencilla c\u00f3mo usar, montar, desmontar y limpiar tu Vaponic.","og_url":"https:\/\/www.vaponic.com\/es\/video-2\/","og_site_name":"VAPONIC","article_publisher":"http:\/\/www.facebook.com\/vaponic","article_modified_time":"2017-03-08T10:53:57+00:00","og_image":[{"url":"http:\/\/www.vaponic.com\/web\/wp-content\/themes\/vaponic\/images\/vaponic_logo2.png","type":"","width":"","height":""}],"twitter_card":"summary_large_image","twitter_site":"@Vaponic","schema":{"@context":"https:\/\/schema.org","@graph":[{"@type":"WebPage","@id":"https:\/\/www.vaponic.com\/es\/video-2\/","url":"https:\/\/www.vaponic.com\/es\/video-2\/","name":"V\u00eddeos Vaponic | VAPONIC","isPartOf":{"@id":"https:\/\/www.vaponic.com\/es\/#website"},"datePublished":"2012-08-27T15:27:23+00:00","dateModified":"2017-03-08T10:53:57+00:00","description":"Te presentamos una serie v\u00eddeos d\u00f3nde te podr\u00e1s ver de una forma clara y sencilla c\u00f3mo usar, montar, desmontar y limpiar tu Vaponic.","breadcrumb":{"@id":"https:\/\/www.vaponic.com\/es\/video-2\/#breadcrumb"},"inLanguage":"es","potentialAction":[{"@type":"ReadAction","target":["https:\/\/www.vaponic.com\/es\/video-2\/"]}]},{"@type":"BreadcrumbList","@id":"https:\/\/www.vaponic.com\/es\/video-2\/#breadcrumb","itemListElement":[{"@type":"ListItem","position":1,"name":"Home","item":"https:\/\/www.vaponic.com\/es\/"},{"@type":"ListItem","position":2,"name":"Video"}]},{"@type":"WebSite","@id":"https:\/\/www.vaponic.com\/es\/#website","url":"https:\/\/www.vaponic.com\/es\/","name":"VAPONIC","description":"VAPONIC, YOUR TONIC","potentialAction":[{"@type":"SearchAction","target":{"@type":"EntryPoint","urlTemplate":"https:\/\/www.vaponic.com\/es\/?s={search_term_string}"},"query-input":{"@type":"PropertyValueSpecification","valueRequired":true,"valueName":"search_term_string"}}],"inLanguage":"es"}]}},"jetpack_sharing_enabled":true,"jetpack_shortlink":"https:\/\/wp.me\/P6UrFi-52","_links":{"self":[{"href":"https:\/\/www.vaponic.com\/es\/wp-json\/wp\/v2\/pages\/312","targetHints":{"allow":["GET"]}}],"collection":[{"href":"https:\/\/www.vaponic.com\/es\/wp-json\/wp\/v2\/pages"}],"about":[{"href":"https:\/\/www.vaponic.com\/es\/wp-json\/wp\/v2\/types\/page"}],"author":[{"embeddable":true,"href":"https:\/\/www.vaponic.com\/es\/wp-json\/wp\/v2\/users\/1"}],"replies":[{"embeddable":true,"href":"https:\/\/www.vaponic.com\/es\/wp-json\/wp\/v2\/comments?post=312"}],"version-history":[{"count":0,"href":"https:\/\/www.vaponic.com\/es\/wp-json\/wp\/v2\/pages\/312\/revisions"}],"wp:attachment":[{"href":"https:\/\/www.vaponic.com\/es\/wp-json\/wp\/v2\/media?parent=312"}],"wp:term":[{"taxonomy":"category","embeddable":true,"href":"https:\/\/www.vaponic.com\/es\/wp-json\/wp\/v2\/categories?post=312"},{"taxonomy":"post_tag","embeddable":true,"href":"https:\/\/www.vaponic.com\/es\/wp-json\/wp\/v2\/tags?post=312"}],"curies":[{"name":"wp","href":"https:\/\/api.w.org\/{rel}","templated":true}]}}